{"id":587,"date":"2018-08-23T06:50:04","date_gmt":"2018-08-23T06:50:04","guid":{"rendered":"http:\/\/localhost\/ftagementor\/?page_id=587"},"modified":"2022-09-10T16:53:53","modified_gmt":"2022-09-10T16:53:53","slug":"about-us","status":"publish","type":"page","link":"https:\/\/film-line.de\/en\/about-us\/","title":{"rendered":"About us"},"content":{"rendered":"<div data-elementor-type=\"wp-post\" data-elementor-id=\"587\" class=\"elementor elementor-587\">\n\t\t\t\t\t\t\t\t\t<section class=\"elementor-section elementor-top-section elementor-element elementor-element-b3dedec elementor-section-boxed elementor-section-height-default elementor-section-height-default\" data-id=\"b3dedec\" data-element_type=\"section\">\n\t\t\t\t\t\t<div class=\"elementor-container elementor-column-gap-default\">\n\t\t\t\t\t<div class=\"elementor-column elementor-col-100 elementor-top-column elementor-element elementor-element-ec59b1b\" data-id=\"ec59b1b\" data-element_type=\"column\">\n\t\t\t<div class=\"elementor-widget-wrap elementor-element-populated\">\n\t\t\t\t\t\t\t\t<div class=\"elementor-element elementor-element-0aa816a elementor-widget elementor-widget-menu-anchor\" data-id=\"0aa816a\" data-element_type=\"widget\" data-widget_type=\"menu-anchor.default\">\n\t\t\t\t<div class=\"elementor-widget-container\">\n\t\t\t<style>\/*! elementor - v3.7.6 - 15-09-2022 *\/\nbody.elementor-page .elementor-widget-menu-anchor{margin-bottom:0}<\/style>\t\t<div id=\"firmenprofil\" class=\"elementor-menu-anchor\"><\/div>\n\t\t\t\t<\/div>\n\t\t\t\t<\/div>\n\t\t\t\t\t<\/div>\n\t\t<\/div>\n\t\t\t\t\t\t\t<\/div>\n\t\t<\/section>\n\t\t\t\t<section class=\"elementor-section elementor-top-section elementor-element elementor-element-633d2bb3 elementor-section-boxed elementor-section-height-default elementor-section-height-default\" data-id=\"633d2bb3\" data-element_type=\"section\" data-settings=\"{&quot;background_background&quot;:&quot;classic&quot;}\">\n\t\t\t\t\t\t\t<div class=\"elementor-background-overlay\"><\/div>\n\t\t\t\t\t\t\t<div class=\"elementor-container elementor-column-gap-no\">\n\t\t\t\t\t<div class=\"elementor-column elementor-col-50 elementor-top-column elementor-element elementor-element-2865eeb4\" data-id=\"2865eeb4\" data-element_type=\"column\">\n\t\t\t<div class=\"elementor-widget-wrap elementor-element-populated\">\n\t\t\t\t\t\t\t\t<div class=\"elementor-element elementor-element-6b595461 elementor-widget elementor-widget-heading\" data-id=\"6b595461\" data-element_type=\"widget\" data-widget_type=\"heading.default\">\n\t\t\t\t<div class=\"elementor-widget-container\">\n\t\t\t<style>\/*! elementor - v3.7.6 - 15-09-2022 *\/\n.elementor-heading-title{padding:0;margin:0;line-height:1}.elementor-widget-heading .elementor-heading-title[class*=elementor-size-]>a{color:inherit;font-size:inherit;line-height:inherit}.elementor-widget-heading .elementor-heading-title.elementor-size-small{font-size:15px}.elementor-widget-heading .elementor-heading-title.elementor-size-medium{font-size:19px}.elementor-widget-heading .elementor-heading-title.elementor-size-large{font-size:29px}.elementor-widget-heading .elementor-heading-title.elementor-size-xl{font-size:39px}.elementor-widget-heading .elementor-heading-title.elementor-size-xxl{font-size:59px}<\/style><h2 class=\"elementor-heading-title elementor-size-default\">Company profile<\/h2>\t\t<\/div>\n\t\t\t\t<\/div>\n\t\t\t\t<div class=\"elementor-element elementor-element-1e46b993 elementor-widget elementor-widget-text-editor\" data-id=\"1e46b993\" data-element_type=\"widget\" data-widget_type=\"text-editor.default\">\n\t\t\t\t<div class=\"elementor-widget-container\">\n\t\t\t<style>\/*! elementor - v3.7.6 - 15-09-2022 *\/\n.elementor-widget-text-editor.elementor-drop-cap-view-stacked .elementor-drop-cap{background-color:#818a91;color:#fff}.elementor-widget-text-editor.elementor-drop-cap-view-framed .elementor-drop-cap{color:#818a91;border:3px solid;background-color:transparent}.elementor-widget-text-editor:not(.elementor-drop-cap-view-default) .elementor-drop-cap{margin-top:8px}.elementor-widget-text-editor:not(.elementor-drop-cap-view-default) .elementor-drop-cap-letter{width:1em;height:1em}.elementor-widget-text-editor .elementor-drop-cap{float:left;text-align:center;line-height:1;font-size:50px}.elementor-widget-text-editor .elementor-drop-cap-letter{display:inline-block}<\/style>\t\t\t\t<p>Film-Line Productions is a 100% independent production GmbH and is headquartered at Bavaria Studios Munich, with branches in Berlin and Vienna. We produce large-scale, high-quality, audience-oriented films and series with renowned directors, writers and top-class casts. Film-Line has many years of production and financing experience of contemporary and historical films and series and a network of respected production, distribution and financing partners in Germany, Austria and other European countries. In addition to its own productions, Film-Line engages in national and international co-productions (see services).<\/p><p><strong>History:<\/strong><\/p><p>Film-Line GmbH was founded in 1986 by CEO Arno Ortmair as a service production for American and English cinema and TV productions (James Bond, I Spy, The Train) and has subsequently developed into a successful and respected creative production company. Since 2020, Alexandra Ortmair strengthens the producer team and develops feature films and TV and streamer affine content with young talents and established authors, directors and producers.<\/p>\t\t\t\t\t\t<\/div>\n\t\t\t\t<\/div>\n\t\t\t\t\t<\/div>\n\t\t<\/div>\n\t\t\t\t<div class=\"elementor-column elementor-col-50 elementor-top-column elementor-element elementor-element-5ee111f5\" data-id=\"5ee111f5\" data-element_type=\"column\" data-settings=\"{&quot;background_background&quot;:&quot;classic&quot;}\">\n\t\t\t<div class=\"elementor-widget-wrap elementor-element-populated\">\n\t\t\t\t\t<div class=\"elementor-background-overlay\"><\/div>\n\t\t\t\t\t\t\t\t<div class=\"elementor-element elementor-element-202ec35a elementor-invisible elementor-widget elementor-widget-spacer\" data-id=\"202ec35a\" data-element_type=\"widget\" data-settings=\"{&quot;_animation&quot;:&quot;fadeIn&quot;}\" data-widget_type=\"spacer.default\">\n\t\t\t\t<div class=\"elementor-widget-container\">\n\t\t\t<style>\/*! elementor - v3.7.6 - 15-09-2022 *\/\n.elementor-column .elementor-spacer-inner{height:var(--spacer-size)}.e-container{--container-widget-width:100%}.e-container>.elementor-widget-spacer{width:var(--container-widget-width,var(--spacer-size));-ms-flex-item-align:stretch;align-self:stretch;-ms-flex-negative:0;flex-shrink:0}.e-container>.elementor-widget-spacer>.elementor-widget-container,.e-container>.elementor-widget-spacer>.elementor-widget-container>.elementor-spacer{height:100%}.e-container>.elementor-widget-spacer>.elementor-widget-container>.elementor-spacer>.elementor-spacer-inner{height:var(--container-widget-height,var(--spacer-size))}<\/style>\t\t<div class=\"elementor-spacer\">\n\t\t\t<div class=\"elementor-spacer-inner\"><\/div>\n\t\t<\/div>\n\t\t\t\t<\/div>\n\t\t\t\t<\/div>\n\t\t\t\t\t<\/div>\n\t\t<\/div>\n\t\t\t\t\t\t\t<\/div>\n\t\t<\/section>\n\t\t\t\t<section class=\"elementor-section elementor-top-section elementor-element elementor-element-3c62773 elementor-section-boxed elementor-section-height-default elementor-section-height-default\" data-id=\"3c62773\" data-element_type=\"section\">\n\t\t\t\t\t\t<div class=\"elementor-container elementor-column-gap-default\">\n\t\t\t\t\t<div class=\"elementor-column elementor-col-100 elementor-top-column elementor-element elementor-element-22a47cd\" data-id=\"22a47cd\" data-element_type=\"column\">\n\t\t\t<div class=\"elementor-widget-wrap elementor-element-populated\">\n\t\t\t\t\t\t\t\t<div class=\"elementor-element elementor-element-5b3bdda elementor-widget elementor-widget-heading\" data-id=\"5b3bdda\" data-element_type=\"widget\" data-widget_type=\"heading.default\">\n\t\t\t\t<div class=\"elementor-widget-container\">\n\t\t\t<h2 class=\"elementor-heading-title elementor-size-default\">Film-Line Awards<\/h2>\t\t<\/div>\n\t\t\t\t<\/div>\n\t\t\t\t<div class=\"elementor-element elementor-element-f2efb21 elementor-widget elementor-widget-text-editor\" data-id=\"f2efb21\" data-element_type=\"widget\" data-widget_type=\"text-editor.default\">\n\t\t\t\t<div class=\"elementor-widget-container\">\n\t\t\t\t\t\t\t<p><strong>Bambi Award<\/strong>, Int. <strong>Emmy Award <\/strong>Nomination, <strong>FFF Award<\/strong>, <strong>Deutscher Filmpreis<\/strong> Nomination,<strong> Romy Award<\/strong>, <strong>Quant Award<\/strong>, <strong>Baden-Baden<\/strong> TV Award <strong>Grimmepreis\u00a0<\/strong>Nomiation, <strong>Max-Oph\u00fclspreis<\/strong>.<\/p><p class=\" translation-block\">Film-Line is a member of the German \"Produzentenverband\" (VP) and the German Film Academy.<\/p>\t\t\t\t\t\t<\/div>\n\t\t\t\t<\/div>\n\t\t\t\t<section class=\"elementor-section elementor-inner-section elementor-element elementor-element-6aa09fe elementor-section-height-min-height elementor-hidden-mobile elementor-section-boxed elementor-section-height-default\" data-id=\"6aa09fe\" data-element_type=\"section\" data-settings=\"{&quot;background_background&quot;:&quot;classic&quot;}\">\n\t\t\t\t\t\t<div class=\"elementor-container elementor-column-gap-extended\">\n\t\t\t\t\t<div class=\"elementor-column elementor-col-20 elementor-inner-column elementor-element elementor-element-924f357\" data-id=\"924f357\" data-element_type=\"column\" data-settings=\"{&quot;background_background&quot;:&quot;classic&quot;}\">\n\t\t\t<div class=\"elementor-widget-wrap\">\n\t\t\t\t\t<div class=\"elementor-background-overlay\"><\/div>\n\t\t\t\t\t\t\t\t\t<\/div>\n\t\t<\/div>\n\t\t\t\t<div class=\"elementor-column elementor-col-20 elementor-inner-column elementor-element elementor-element-5970094\" data-id=\"5970094\" data-element_type=\"column\" data-settings=\"{&quot;background_background&quot;:&quot;classic&quot;}\">\n\t\t\t<div class=\"elementor-widget-wrap\">\n\t\t\t\t\t<div class=\"elementor-background-overlay\"><\/div>\n\t\t\t\t\t\t\t\t\t<\/div>\n\t\t<\/div>\n\t\t\t\t<div class=\"elementor-column elementor-col-20 elementor-inner-column elementor-element elementor-element-56f1873\" data-id=\"56f1873\" data-element_type=\"column\" data-settings=\"{&quot;background_background&quot;:&quot;classic&quot;}\">\n\t\t\t<div class=\"elementor-widget-wrap\">\n\t\t\t\t\t<div class=\"elementor-background-overlay\"><\/div>\n\t\t\t\t\t\t\t\t\t<\/div>\n\t\t<\/div>\n\t\t\t\t<div class=\"elementor-column elementor-col-20 elementor-inner-column elementor-element elementor-element-9393d33\" data-id=\"9393d33\" data-element_type=\"column\" data-settings=\"{&quot;background_background&quot;:&quot;classic&quot;}\">\n\t\t\t<div class=\"elementor-widget-wrap\">\n\t\t\t\t\t<div class=\"elementor-background-overlay\"><\/div>\n\t\t\t\t\t\t\t\t\t<\/div>\n\t\t<\/div>\n\t\t\t\t<div class=\"elementor-column elementor-col-20 elementor-inner-column elementor-element elementor-element-792eed7\" data-id=\"792eed7\" data-element_type=\"column\" data-settings=\"{&quot;background_background&quot;:&quot;classic&quot;}\">\n\t\t\t<div class=\"elementor-widget-wrap\">\n\t\t\t\t\t<div class=\"elementor-background-overlay\"><\/div>\n\t\t\t\t\t\t\t\t\t<\/div>\n\t\t<\/div>\n\t\t\t\t\t\t\t<\/div>\n\t\t<\/section>\n\t\t\t\t\t<\/div>\n\t\t<\/div>\n\t\t\t\t\t\t\t<\/div>\n\t\t<\/section>\n\t\t\t\t<section class=\"elementor-section elementor-top-section elementor-element elementor-element-b553975 elementor-section-boxed elementor-section-height-default elementor-section-height-default\" data-id=\"b553975\" data-element_type=\"section\">\n\t\t\t\t\t\t<div class=\"elementor-container elementor-column-gap-default\">\n\t\t\t\t\t<div class=\"elementor-column elementor-col-100 elementor-top-column elementor-element elementor-element-83aed9b\" data-id=\"83aed9b\" data-element_type=\"column\">\n\t\t\t<div class=\"elementor-widget-wrap elementor-element-populated\">\n\t\t\t\t\t\t\t\t<div class=\"elementor-element elementor-element-44d67ce elementor-widget elementor-widget-menu-anchor\" data-id=\"44d67ce\" data-element_type=\"widget\" data-widget_type=\"menu-anchor.default\">\n\t\t\t\t<div class=\"elementor-widget-container\">\n\t\t\t\t\t<div id=\"ueberuns\" class=\"elementor-menu-anchor\"><\/div>\n\t\t\t\t<\/div>\n\t\t\t\t<\/div>\n\t\t\t\t<div class=\"elementor-element elementor-element-4b6718a elementor-widget elementor-widget-spacer\" data-id=\"4b6718a\" data-element_type=\"widget\" data-widget_type=\"spacer.default\">\n\t\t\t\t<div class=\"elementor-widget-container\">\n\t\t\t\t\t<div class=\"elementor-spacer\">\n\t\t\t<div class=\"elementor-spacer-inner\"><\/div>\n\t\t<\/div>\n\t\t\t\t<\/div>\n\t\t\t\t<\/div>\n\t\t\t\t\t<\/div>\n\t\t<\/div>\n\t\t\t\t\t\t\t<\/div>\n\t\t<\/section>\n\t\t\t\t<section class=\"elementor-section elementor-top-section elementor-element elementor-element-fc0b3f3 elementor-section-boxed elementor-section-height-default elementor-section-height-default\" data-id=\"fc0b3f3\" data-element_type=\"section\">\n\t\t\t\t\t\t<div class=\"elementor-container elementor-column-gap-default\">\n\t\t\t\t\t<div class=\"elementor-column elementor-col-100 elementor-top-column elementor-element elementor-element-c557fd7\" data-id=\"c557fd7\" data-element_type=\"column\">\n\t\t\t<div class=\"elementor-widget-wrap elementor-element-populated\">\n\t\t\t\t\t\t\t\t<div class=\"elementor-element elementor-element-5526ccd elementor-widget elementor-widget-heading\" data-id=\"5526ccd\" data-element_type=\"widget\" data-widget_type=\"heading.default\">\n\t\t\t\t<div class=\"elementor-widget-container\">\n\t\t\t<h2 class=\"elementor-heading-title elementor-size-default\">The producer team<\/h2>\t\t<\/div>\n\t\t\t\t<\/div>\n\t\t\t\t\t<\/div>\n\t\t<\/div>\n\t\t\t\t\t\t\t<\/div>\n\t\t<\/section>\n\t\t\t\t<section class=\"elementor-section elementor-top-section elementor-element elementor-element-191f0e31 elementor-section-boxed elementor-section-height-default elementor-section-height-default\" data-id=\"191f0e31\" data-element_type=\"section\">\n\t\t\t\t\t\t<div class=\"elementor-container elementor-column-gap-wider\">\n\t\t\t\t\t<div class=\"elementor-column elementor-col-33 elementor-top-column elementor-element elementor-element-389ab062\" data-id=\"389ab062\" data-element_type=\"column\">\n\t\t\t<div class=\"elementor-widget-wrap elementor-element-populated\">\n\t\t\t\t\t\t\t\t<div class=\"elementor-element elementor-element-4f75ec7d elementor-widget elementor-widget-image\" data-id=\"4f75ec7d\" data-element_type=\"widget\" data-widget_type=\"image.default\">\n\t\t\t\t<div class=\"elementor-widget-container\">\n\t\t\t<style>\/*! elementor - v3.7.6 - 15-09-2022 *\/\n.elementor-widget-image{text-align:center}.elementor-widget-image a{display:inline-block}.elementor-widget-image a img[src$=\".svg\"]{width:48px}.elementor-widget-image img{vertical-align:middle;display:inline-block}<\/style>\t\t\t\t\t\t\t\t\t\t\t\t<img decoding=\"async\" width=\"599\" height=\"885\" src=\"https:\/\/film-line.de\/wp-content\/uploads\/2021\/12\/Picture1.jpg\" class=\"attachment-large size-large\" alt=\"Arno Ortmair\" loading=\"lazy\" srcset=\"https:\/\/film-line.de\/wp-content\/uploads\/2021\/12\/Picture1.jpg 599w, https:\/\/film-line.de\/wp-content\/uploads\/2021\/12\/Picture1-203x300.jpg 203w\" sizes=\"(max-width: 599px) 100vw, 599px\" \/>\t\t\t\t\t\t\t\t\t\t\t\t\t\t\t<\/div>\n\t\t\t\t<\/div>\n\t\t\t\t\t<\/div>\n\t\t<\/div>\n\t\t\t\t<div class=\"elementor-column elementor-col-66 elementor-top-column elementor-element elementor-element-4c971905\" data-id=\"4c971905\" data-element_type=\"column\">\n\t\t\t<div class=\"elementor-widget-wrap elementor-element-populated\">\n\t\t\t\t\t\t\t\t<div class=\"elementor-element elementor-element-38e38900 elementor-widget elementor-widget-heading\" data-id=\"38e38900\" data-element_type=\"widget\" data-widget_type=\"heading.default\">\n\t\t\t\t<div class=\"elementor-widget-container\">\n\t\t\t<h2 class=\"elementor-heading-title elementor-size-default\">Arno Ortmair <\/h2>\t\t<\/div>\n\t\t\t\t<\/div>\n\t\t\t\t<div class=\"elementor-element elementor-element-4969bff3 elementor-widget elementor-widget-text-editor\" data-id=\"4969bff3\" data-element_type=\"widget\" data-widget_type=\"text-editor.default\">\n\t\t\t\t<div class=\"elementor-widget-container\">\n\t\t\t\t\t\t\t<p class=\" translation-block\">Arno Ortmair, producer and CEO of Film-Line, gained many years of experience as line producer for American and European theatrical and television films for Columbia Pictures, Paramount Studios, 20th Century Fox, Walt Disney Productions, Hollywood Pictures...(James Bond, The Train, I Spy, Shining Through...)<\/p><p>As an independent producer, since 1995 he has produced award-winning films for television and cinema such as: \"Margarete Steiff\" (Xaver Schwarzenberger, Heike Makatsch), \"Tabu - es ist die Seele ein Fremdes auf Erden\" (Christoph Stark, Lars Eidinger, Peri Baumeister), \"Der Bibelcode\" (Christoph Schrewe, Cosma Shiva Hagen, Olivier Sitruk), \"Mortal Friends\" (Oliver Hirschbiegel, Tobias Moretti, Heino Ferch), \"Klimt\" (Raul Ruiz, John Malkovich), \"Die Seelen im Feuer\" (Urs Egger, Mark Waschke, Silke Bodenbender), \"Werkstatthelden\" (Lars Montag, Armin Rohde), \"Shillings from Heaven\"(Urs Egger, Karl Markovics, Verena Altenberger).<\/p><p>In addition to his work as a producer, Arno Ortmair was chairman of the board of the \"Association of German Film Producers\" (VDFP) from 2010 to 2017, member of the board of the top organization of the film industry (SPIO), member of the award committee of the FFA, member of the innovation commission of the FFA, member of the Bavarian Film Commission and the (E)European Producers Association (FIAPF).<\/p>\t\t\t\t\t\t<\/div>\n\t\t\t\t<\/div>\n\t\t\t\t\t<\/div>\n\t\t<\/div>\n\t\t\t\t\t\t\t<\/div>\n\t\t<\/section>\n\t\t\t\t<section class=\"elementor-section elementor-top-section elementor-element elementor-element-1e15a1e elementor-section-boxed elementor-section-height-default elementor-section-height-default\" data-id=\"1e15a1e\" data-element_type=\"section\">\n\t\t\t\t\t\t<div class=\"elementor-container elementor-column-gap-wider\">\n\t\t\t\t\t<div class=\"elementor-column elementor-col-33 elementor-top-column elementor-element elementor-element-a83ecbd\" data-id=\"a83ecbd\" data-element_type=\"column\">\n\t\t\t<div class=\"elementor-widget-wrap elementor-element-populated\">\n\t\t\t\t\t\t\t\t<div class=\"elementor-element elementor-element-93a5a6a elementor-widget elementor-widget-image\" data-id=\"93a5a6a\" data-element_type=\"widget\" data-widget_type=\"image.default\">\n\t\t\t\t<div class=\"elementor-widget-container\">\n\t\t\t\t\t\t\t\t\t\t\t\t\t\t\t<img decoding=\"async\" width=\"618\" height=\"914\" src=\"https:\/\/film-line.de\/wp-content\/uploads\/2021\/12\/Picture2.jpg\" class=\"attachment-large size-large\" alt=\"Alexandra Ortmair\" loading=\"lazy\" srcset=\"https:\/\/film-line.de\/wp-content\/uploads\/2021\/12\/Picture2.jpg 618w, https:\/\/film-line.de\/wp-content\/uploads\/2021\/12\/Picture2-203x300.jpg 203w\" sizes=\"(max-width: 618px) 100vw, 618px\" \/>\t\t\t\t\t\t\t\t\t\t\t\t\t\t\t<\/div>\n\t\t\t\t<\/div>\n\t\t\t\t\t<\/div>\n\t\t<\/div>\n\t\t\t\t<div class=\"elementor-column elementor-col-66 elementor-top-column elementor-element elementor-element-5f1eda2\" data-id=\"5f1eda2\" data-element_type=\"column\">\n\t\t\t<div class=\"elementor-widget-wrap elementor-element-populated\">\n\t\t\t\t\t\t\t\t<div class=\"elementor-element elementor-element-819f4d9 elementor-widget elementor-widget-heading\" data-id=\"819f4d9\" data-element_type=\"widget\" data-widget_type=\"heading.default\">\n\t\t\t\t<div class=\"elementor-widget-container\">\n\t\t\t<h2 class=\"elementor-heading-title elementor-size-default\">Alexandra Ortmair <\/h2>\t\t<\/div>\n\t\t\t\t<\/div>\n\t\t\t\t<div class=\"elementor-element elementor-element-87e87ab elementor-widget elementor-widget-text-editor\" data-id=\"87e87ab\" data-element_type=\"widget\" data-widget_type=\"text-editor.default\">\n\t\t\t\t<div class=\"elementor-widget-container\">\n\t\t\t\t\t\t\t<p>Creative-Producer Alexandra Ortmair started her professional career in 2012 as a runner, set assistant and later as an assistant director for films like \"Eyjafjallaj\u00f6kull\", \"Die Seelen im Feuer\", FackjuG\u00f6the, \"Eine unerh\u00f6rte Frau\", \"Der Pass\"...<\/p><p class=\" translation-block\">With her natural flair for storytelling and collaborations with directors such as Urs Egger, Hans Steinbichler, Alexandre Coffreor Bora Dagtekin, she has evolved into a producer and realized her first film with Lars Montag and Armin Rohde in 2019.<\/p><p>Since 2020 she has been working as a producer at Film-Line and develops feature films and high-profile content for TV and streamers together with young talents and successful writers and directors. This includes the feature film projects \"Black Knight\", \"Saving Mozart\", \"Red Earth\", which were funded by the FFF Bayern.<\/p>\t\t\t\t\t\t<\/div>\n\t\t\t\t<\/div>\n\t\t\t\t\t<\/div>\n\t\t<\/div>\n\t\t\t\t\t\t\t<\/div>\n\t\t<\/section>\n\t\t\t\t\t\t\t<\/div>","protected":false},"excerpt":{"rendered":"<p>Firmenprofil Film-Line Productions ist eine 100% unabh\u00e4ngige Produktions GmbH und hat ihren Hauptsitz in den Bavaria Studios\u00a0M\u00fcnchen, mit Dependancen in Berlin und Wien. Wir produzieren gro\u00dfe, hochwertige und zuschauernahe Filme und Serien mit namhaften Regisseuren, Autoren und hochkar\u00e4tiger Besetzung. Film-Line besitzt langj\u00e4hrige Produktions- und Finanzierungserfahrung von kontempor\u00e4ren und historischen Filmen und Serien und ein Netzwerk [&hellip;]<\/p>","protected":false},"author":1,"featured_media":0,"parent":0,"menu_order":0,"comment_status":"closed","ping_status":"closed","template":"elementor_header_footer","meta":[],"_links":{"self":[{"href":"https:\/\/film-line.de\/en\/wp-json\/wp\/v2\/pages\/587"}],"collection":[{"href":"https:\/\/film-line.de\/en\/wp-json\/wp\/v2\/pages"}],"about":[{"href":"https:\/\/film-line.de\/en\/wp-json\/wp\/v2\/types\/page"}],"author":[{"embeddable":true,"href":"https:\/\/film-line.de\/en\/wp-json\/wp\/v2\/users\/1"}],"replies":[{"embeddable":true,"href":"https:\/\/film-line.de\/en\/wp-json\/wp\/v2\/comments?post=587"}],"version-history":[{"count":10,"href":"https:\/\/film-line.de\/en\/wp-json\/wp\/v2\/pages\/587\/revisions"}],"predecessor-version":[{"id":3159,"href":"https:\/\/film-line.de\/en\/wp-json\/wp\/v2\/pages\/587\/revisions\/3159"}],"wp:attachment":[{"href":"https:\/\/film-line.de\/en\/wp-json\/wp\/v2\/media?parent=587"}],"curies":[{"name":"wp","href":"https:\/\/api.w.org\/{rel}","templated":true}]}}