{"id":2218,"date":"2018-08-11T03:58:20","date_gmt":"2018-08-11T03:58:20","guid":{"rendered":"http:\/\/localhost\/ftagementor\/?page_id=3"},"modified":"2023-03-13T15:47:28","modified_gmt":"2023-03-13T15:47:28","slug":"impressum","status":"publish","type":"page","link":"https:\/\/film-line.de\/en\/impressum\/","title":{"rendered":"Imprint"},"content":{"rendered":"<div data-elementor-type=\"wp-page\" data-elementor-id=\"2218\" class=\"elementor elementor-2218\">\n\t\t\t\t\t\t\t\t\t<section class=\"elementor-section elementor-top-section elementor-element elementor-element-2f039075 elementor-section-boxed elementor-section-height-default elementor-section-height-default\" data-id=\"2f039075\" data-element_type=\"section\">\n\t\t\t\t\t\t<div class=\"elementor-container elementor-column-gap-default\">\n\t\t\t\t\t<div class=\"elementor-column elementor-col-100 elementor-top-column elementor-element elementor-element-71fde504\" data-id=\"71fde504\" data-element_type=\"column\">\n\t\t\t<div class=\"elementor-widget-wrap elementor-element-populated\">\n\t\t\t\t\t\t\t\t<div class=\"elementor-element elementor-element-85cd597 elementor-widget elementor-widget-text-editor\" data-id=\"85cd597\" data-element_type=\"widget\" data-widget_type=\"text-editor.default\">\n\t\t\t\t<div class=\"elementor-widget-container\">\n\t\t\t<style>\/*! elementor - v3.7.6 - 15-09-2022 *\/\n.elementor-widget-text-editor.elementor-drop-cap-view-stacked .elementor-drop-cap{background-color:#818a91;color:#fff}.elementor-widget-text-editor.elementor-drop-cap-view-framed .elementor-drop-cap{color:#818a91;border:3px solid;background-color:transparent}.elementor-widget-text-editor:not(.elementor-drop-cap-view-default) .elementor-drop-cap{margin-top:8px}.elementor-widget-text-editor:not(.elementor-drop-cap-view-default) .elementor-drop-cap-letter{width:1em;height:1em}.elementor-widget-text-editor .elementor-drop-cap{float:left;text-align:center;line-height:1;font-size:50px}.elementor-widget-text-editor .elementor-drop-cap-letter{display:inline-block}<\/style>\t\t\t\t<p>Film-Line Productions Filmproduktions GmbH<br \/>c\/o Bavaria Studios<br \/>Bavariafilmplatz 7<br \/>D-82031 Gr\u00fcnwald<\/p><p>Fon: +49 \/ (0)89 \/ 64 95 64-0<br \/>Fax: +49 \/ (0)89 \/ 64 95 64-40\u00a0<\/p><p>Email:<a href=\"mailto:info@filmline.de\"><span class=\"links\">\u00a0info@filmline.de<\/span><\/a><\/p><p>UST.ID Nr,: DE 129346961<\/p><p>Alleiniger und gesch\u00e4ftsf\u00fchrender Gesellschafter:<\/p><p>Arno Ortmair<\/p><p>Webseite erstellt von <a href=\"http:\/\/www.uanit.de\" target=\"_blank\" rel=\"noopener\">uanit<\/a><\/p><p><strong>Urheberrecht<\/strong><br \/>An den eigenen Inhalten steht der Film-Line Productions das Urheberrecht zu. Eine Vervielf\u00e4ltigung in anderen elektronischen oder gedruckten Medien bedarf der vorherigen Zustimmung des Theaterhauses.<\/p><p><strong>Rechtswirksamkeit<\/strong><br \/>Dieser Haftungsausschluss ist als Teil des Internetangebotes zu betrachten, von dem aus auf diese Seite verwiesen wurde. Sofern Teile oder einzelne Formulierungen dieses Textes der geltenden Rechtslage nicht, nicht mehr oder nicht vollst\u00e4ndig entsprechen sollten, bleiben die \u00fcbrigen Teile des Dokumentes in ihrem Inhalt und ihrer G\u00fcltigkeit davon unber\u00fchrt.<\/p><p><strong>Google Analytics<\/strong><\/p><p>Diese Website benutzt Google Analytics, einen Webanalysedienst der Google Inc. (&#8222;Google&#8220;). Google Analytics verwendet sog. &#8222;Cookies&#8220;, Textdateien, die auf Ihrem Computer gespeichert werden und die eine Analyse der Benutzung der Website erm\u00f6glicht. Die durch den Cookie erzeugten Informationen \u00fcber Ihre Benutzung dieser Website (einschlie\u00dflich Ihrer IP-Adresse) wird an einen Server von Google in den USA \u00fcbertragen und dort gespeichert. Google wird diese Informationen benutzen, um Ihre Nutzung der Website auszuwerten, um Reports \u00fcber die Websiteaktivit\u00e4ten f\u00fcr die Websitebetreiber zusammenzustellen und um weitere mit der Websitenutzung und der Internetnutzung verbundene Dienstleistungen zu erbringen. Auch wird Google diese Informationen gegebenenfalls an Dritte \u00fcbertragen, sofern dies gesetzlich vorgeschrieben oder soweit Dritte diese Daten im Auftrag von Google verarbeiten. Google wird in keinem Fall Ihre IP-Adresse mit anderen Daten in Verbindung bringen. Sie k\u00f6nnen die Installation der Cookies durch eine entsprechende Einstellung Ihrer Browser Software verhindern; wir weisen Sie jedoch darauf hin, dass Sie in diesem Fall gegebenenfalls nicht s\u00e4mtliche Funktionen dieser Website voll umf\u00e4nglich nutzen k\u00f6nnen. Durch die Nutzung dieser Website erkl\u00e4ren Sie sich mit der Bearbeitung der \u00fcber Sie erhobenen Daten durch Google in der zuvor beschriebenen Art und Weise und zu dem zuvor benannten Zweck einverstanden. Der Datenerhebung und -speicherung kann jederzeit mit Wirkung f\u00fcr die Zukunft widersprochen werden (<a href=\"http:\/\/tools.google.com\/dlpage\/gaoptout?hl=de\" target=\"_blank\" rel=\"noopener\">http:\/\/tools.google.com\/dlpage\/gaoptout?hl=de<\/a>). Angesichts der Diskussion um den Einsatz von Analysetools mit vollst\u00e4ndigen IP-Adressen m\u00f6chten wir darauf hinweisen, dass diese Website Google Analytics mit der Erweiterung &#8222;_anonymizeIp()&#8220; verwendet und daher IP-Adressen nur gek\u00fcrzt weiterverarbeitet werden, um eine direkte Personenbeziehbarkeit auszuschlie\u00dfen.<\/p>\t\t\t\t\t\t<\/div>\n\t\t\t\t<\/div>\n\t\t\t\t\t<\/div>\n\t\t<\/div>\n\t\t\t\t\t\t\t<\/div>\n\t\t<\/section>\n\t\t\t\t\t\t\t<\/div>","protected":false},"excerpt":{"rendered":"<p>Film-Line Productions Filmproduktions GmbH c\/o Bavaria Studios Bavariafilmplatz 7 D-82031 Gr\u00fcnwald Fon: +49 \/ (0)89 \/ 64 95 64-0 Fax: +49 \/ (0)89 \/ 64 95 64-40&nbsp; Email:&nbsp;info@filmline.de UST.ID Nr,: DE 129346961 Alleiniger und gesch\u00e4ftsf\u00fchrender Gesellschafter: Arno Ortmair Webseite erstellt von uanit Urheberrecht An den eigenen Inhalten steht der Film-Line Productions das Urheberrecht zu. Eine [&hellip;]<\/p>","protected":false},"author":1,"featured_media":0,"parent":0,"menu_order":0,"comment_status":"closed","ping_status":"closed","template":"","meta":[],"_links":{"self":[{"href":"https:\/\/film-line.de\/en\/wp-json\/wp\/v2\/pages\/2218"}],"collection":[{"href":"https:\/\/film-line.de\/en\/wp-json\/wp\/v2\/pages"}],"about":[{"href":"https:\/\/film-line.de\/en\/wp-json\/wp\/v2\/types\/page"}],"author":[{"embeddable":true,"href":"https:\/\/film-line.de\/en\/wp-json\/wp\/v2\/users\/1"}],"replies":[{"embeddable":true,"href":"https:\/\/film-line.de\/en\/wp-json\/wp\/v2\/comments?post=2218"}],"version-history":[{"count":1,"href":"https:\/\/film-line.de\/en\/wp-json\/wp\/v2\/pages\/2218\/revisions"}],"predecessor-version":[{"id":3179,"href":"https:\/\/film-line.de\/en\/wp-json\/wp\/v2\/pages\/2218\/revisions\/3179"}],"wp:attachment":[{"href":"https:\/\/film-line.de\/en\/wp-json\/wp\/v2\/media?parent=2218"}],"curies":[{"name":"wp","href":"https:\/\/api.w.org\/{rel}","templated":true}]}}